    
{"id":472,"date":"2025-11-11T07:10:52","date_gmt":"2025-11-11T07:10:52","guid":{"rendered":"https:\/\/fstytvfon.com\/?page_id=472"},"modified":"2025-11-11T07:14:31","modified_gmt":"2025-11-11T07:14:31","slug":"uber-uns","status":"publish","type":"page","link":"https:\/\/fstytvfon.com\/?page_id=472","title":{"rendered":"\u00dcber uns"},"content":{"rendered":"\t\t<div data-elementor-type=\"wp-page\" data-elementor-id=\"472\" class=\"elementor elementor-472\">\n\t\t\t\t<div class=\"elementor-element elementor-element-d101e8c e-flex e-con-boxed e-con e-parent\" data-id=\"d101e8c\" data-element_type=\"container\">\n\t\t\t\t\t<div class=\"e-con-inner\">\n\t\t\t\t<div class=\"elementor-element elementor-element-6250430 elementor-widget elementor-widget-heading\" data-id=\"6250430\" data-element_type=\"widget\" data-widget_type=\"heading.default\">\n\t\t\t\t<div class=\"elementor-widget-container\">\n\t\t\t\t\t<h2 class=\"elementor-heading-title elementor-size-default\">\u00dcber uns<\/h2>\t\t\t\t<\/div>\n\t\t\t\t<\/div>\n\t\t\t\t<div class=\"elementor-element elementor-element-580e7c9 elementor-widget elementor-widget-image\" data-id=\"580e7c9\" data-element_type=\"widget\" data-widget_type=\"image.default\">\n\t\t\t\t<div class=\"elementor-widget-container\">\n\t\t\t\t\t\t\t\t\t\t\t\t\t\t\t<img fetchpriority=\"high\" decoding=\"async\" width=\"768\" height=\"512\" src=\"https:\/\/fstytvfon.com\/wp-content\/uploads\/2025\/11\/1-768x512.webp\" class=\"attachment-medium_large size-medium_large wp-image-438\" alt=\"\" srcset=\"https:\/\/fstytvfon.com\/wp-content\/uploads\/2025\/11\/1-768x512.webp 768w, https:\/\/fstytvfon.com\/wp-content\/uploads\/2025\/11\/1-300x200.webp 300w, https:\/\/fstytvfon.com\/wp-content\/uploads\/2025\/11\/1-1024x682.webp 1024w, https:\/\/fstytvfon.com\/wp-content\/uploads\/2025\/11\/1-1170x780.webp 1170w, https:\/\/fstytvfon.com\/wp-content\/uploads\/2025\/11\/1-585x390.webp 585w, https:\/\/fstytvfon.com\/wp-content\/uploads\/2025\/11\/1-263x175.webp 263w, https:\/\/fstytvfon.com\/wp-content\/uploads\/2025\/11\/1.webp 1280w\" sizes=\"(max-width: 768px) 100vw, 768px\" \/>\t\t\t\t\t\t\t\t\t\t\t\t\t\t\t<\/div>\n\t\t\t\t<\/div>\n\t\t\t\t<div class=\"elementor-element elementor-element-7fe9383 elementor-widget elementor-widget-penci-text-block\" data-id=\"7fe9383\" data-element_type=\"widget\" data-widget_type=\"penci-text-block.default\">\n\t\t\t\t<div class=\"elementor-widget-container\">\n\t\t\t\t\t\t\t<div class=\"penci-block-vc penci-text-editor\">\n\t\t\t\t\t\t<div class=\"penci-block_content\">\n\t\t\t\t<div class=\"elementor-text-editor elementor-clearfix\"><p><span style=\"font-weight: 400;\">Willkommen bei <\/span><b>Fstytvfon<\/b><span style=\"font-weight: 400;\">, Ihrer Anlaufstelle f\u00fcr verl\u00e4ssliche Informationen, aktuelle Nachrichten und wertvolle Einblicke in Wirtschaft, Gesundheit, Technologie und Gesellschaft. Wir verstehen uns als Plattform, die komplexe Themen verst\u00e4ndlich und praxisnah vermittelt, damit unsere Leserinnen und Leser fundierte Entscheidungen treffen k\u00f6nnen.<\/span><\/p><h2><b>Unsere Mission<\/b><\/h2><p><span style=\"font-weight: 400;\">Unsere Mission ist es, hochwertige Inhalte zu liefern, die informieren, inspirieren und zum Nachdenken anregen. Dabei legen wir besonderen Wert auf Genauigkeit, Transparenz und einen neutralen Blick auf die Themen, die unsere Gesellschaft bewegen. Ob aktuelle wirtschaftliche Entwicklungen, technologische Trends oder gesundheitliche Fragestellungen \u2013 bei uns finden Sie verl\u00e4ssliche Informationen, sorgf\u00e4ltig recherchiert und verst\u00e4ndlich aufbereitet.<\/span><\/p><h2><b>Unser Ansatz<\/b><\/h2><p><span style=\"font-weight: 400;\">Bei <\/span><b>Fstytvfon<\/b><span style=\"font-weight: 400;\"> kombinieren wir journalistische Erfahrung mit Fachwissen aus unterschiedlichen Bereichen. Wir achten darauf, Inhalte zu erstellen, die sowohl informativ als auch praxisnah sind. Unsere Artikel basieren auf gepr\u00fcften Quellen, aktuellen Studien und Expertenmeinungen. Gleichzeitig bem\u00fchen wir uns, komplizierte Sachverhalte verst\u00e4ndlich zu erkl\u00e4ren, sodass unsere Leserinnen und Leser einen klaren \u00dcberblick erhalten und das Wissen direkt anwenden k\u00f6nnen.<\/span><\/p><h2><b>Unser Team<\/b><\/h2><p><span style=\"font-weight: 400;\">Hinter <\/span><b>Fstytvfon<\/b><span style=\"font-weight: 400;\"> steht ein engagiertes Team aus Journalistinnen, Fachautorinnen und Expertinnen, das seine unterschiedlichen Kompetenzen b\u00fcndelt. Wir arbeiten Hand in Hand, um Inhalte zu erstellen, die sowohl informativ als auch spannend sind. Unser Team zeichnet sich durch Expertise, Kreativit\u00e4t und eine hohe Motivation aus, stets die besten Inhalte f\u00fcr unsere Leserinnen und Leser zu liefern.<\/span><\/p><p><b>Lernen Sie einige unserer Teammitglieder kennen:<\/b><\/p><ul><li style=\"font-weight: 400;\" aria-level=\"1\"><b>Lena Hofmann<\/b><span style=\"font-weight: 400;\"> \u2013 Wirtschaftstechnologie-Expertin<\/span><span style=\"font-weight: 400;\"><br \/><\/span><span style=\"font-weight: 400;\"> Lena ist spezialisiert auf digitale Trends und wirtschaftliche Entwicklungen. Sie sorgt daf\u00fcr, dass unsere Beitr\u00e4ge zu Technologie und Wirtschaft stets aktuell und praxisnah sind.<\/span><p>\u00a0<\/p><\/li><li style=\"font-weight: 400;\" aria-level=\"1\"><b>Dr. Anna Lenz<\/b><span style=\"font-weight: 400;\"> \u2013 Gesundheitsberaterin<\/span><span style=\"font-weight: 400;\"><br \/><\/span><span style=\"font-weight: 400;\"> Anna unterst\u00fctzt unser Team mit fundiertem Wissen aus dem Gesundheitsbereich. Sie recherchiert aktuelle Studien, gibt Ratschl\u00e4ge f\u00fcr einen gesunden Lebensstil und \u00fcberpr\u00fcft medizinische Inhalte.<\/span><p>\u00a0<\/p><\/li><li style=\"font-weight: 400;\" aria-level=\"1\"><b>Stefan Kr\u00fcger<\/b><span style=\"font-weight: 400;\"> \u2013 Immobilien\u00f6konom<\/span><span style=\"font-weight: 400;\"><br \/><\/span><span style=\"font-weight: 400;\"> Stefan analysiert den Immobilienmarkt und liefert unseren Leserinnen und Lesern verst\u00e4ndliche Einblicke in Entwicklungen und Trends rund um Immobilienpreise, Mietm\u00e4rkte und Wohntrends.<\/span><p>\u00a0<\/p><\/li><li style=\"font-weight: 400;\" aria-level=\"1\"><b>Julia Brandt<\/b><span style=\"font-weight: 400;\"> \u2013 Gesundheits- und Lifestyle-Expertin<\/span><span style=\"font-weight: 400;\"><br \/><\/span><span style=\"font-weight: 400;\"> Julia besch\u00e4ftigt sich mit Wellness, Ern\u00e4hrung und mentaler Gesundheit. Sie sorgt daf\u00fcr, dass unsere Lifestyle-Artikel praxisnah, leicht verst\u00e4ndlich und motivierend sind.<\/span><p>\u00a0<\/p><\/li><\/ul><p><span style=\"font-weight: 400;\">Jedes Teammitglied bringt seine eigene Expertise ein, sodass <\/span><b>Fstytvfon<\/b><span style=\"font-weight: 400;\"> eine breite Palette an Themen abdecken kann \u2013 von Wirtschaft \u00fcber Technologie bis hin zu Gesundheit und Gesellschaft.<\/span><\/p><h2><b>Unser Versprechen<\/b><\/h2><p><span style=\"font-weight: 400;\">Bei <\/span><b>Fstytvfon<\/b><span style=\"font-weight: 400;\"> stehen Qualit\u00e4t und Vertrauen an erster Stelle. Wir verpflichten uns, unsere Inhalte sorgf\u00e4ltig zu recherchieren und unabh\u00e4ngig zu berichten. Unser Ziel ist es, dass jede Leserin und jeder Leser gut informiert ist und die bereitgestellten Informationen verantwortungsbewusst nutzen kann.<\/span><\/p><h2><b>Kontakt und Zusammenarbeit<\/b><\/h2><p><span style=\"font-weight: 400;\">Wir sch\u00e4tzen den Austausch mit unserer Leserschaft. Wenn Sie Fragen, Anregungen oder Themenvorschl\u00e4ge haben, freuen wir uns \u00fcber Ihre Nachricht. Zudem sind wir offen f\u00fcr Kooperationen mit Expertinnen, Fachorganisationen oder anderen Medien, um gemeinsam hochwertigen Content zu schaffen.<\/span><\/p><\/div>\n\t\t\t<\/div>\n\t\t<\/div>\n\t\t\t\t\t\t<\/div>\n\t\t\t\t<\/div>\n\t\t\t\t\t<\/div>\n\t\t\t\t<\/div>\n\t\t\t\t<\/div>\n\t\t","protected":false},"excerpt":{"rendered":"<p>\u00dcber uns Willkommen bei Fstytvfon, Ihrer Anlaufstelle f\u00fcr verl\u00e4ssliche Informationen, aktuelle Nachrichten und wertvolle Einblicke in Wirtschaft, Gesundheit, Technologie und Gesellschaft. Wir verstehen uns als Plattform, die komplexe Themen verst\u00e4ndlich&hellip;<\/p>\n","protected":false},"author":1,"featured_media":0,"parent":0,"menu_order":0,"comment_status":"closed","ping_status":"closed","template":"","meta":{"footnotes":""},"class_list":["post-472","page","type-page","status-publish","hentry"],"_links":{"self":[{"href":"https:\/\/fstytvfon.com\/index.php?rest_route=\/wp\/v2\/pages\/472","targetHints":{"allow":["GET"]}}],"collection":[{"href":"https:\/\/fstytvfon.com\/index.php?rest_route=\/wp\/v2\/pages"}],"about":[{"href":"https:\/\/fstytvfon.com\/index.php?rest_route=\/wp\/v2\/types\/page"}],"author":[{"embeddable":true,"href":"https:\/\/fstytvfon.com\/index.php?rest_route=\/wp\/v2\/users\/1"}],"replies":[{"embeddable":true,"href":"https:\/\/fstytvfon.com\/index.php?rest_route=%2Fwp%2Fv2%2Fcomments&post=472"}],"version-history":[{"count":6,"href":"https:\/\/fstytvfon.com\/index.php?rest_route=\/wp\/v2\/pages\/472\/revisions"}],"predecessor-version":[{"id":478,"href":"https:\/\/fstytvfon.com\/index.php?rest_route=\/wp\/v2\/pages\/472\/revisions\/478"}],"wp:attachment":[{"href":"https:\/\/fstytvfon.com\/index.php?rest_route=%2Fwp%2Fv2%2Fmedia&parent=472"}],"curies":[{"name":"wp","href":"https:\/\/api.w.org\/{rel}","templated":true}]}}